{"id":34,"date":"2012-05-22T20:45:12","date_gmt":"2012-05-22T20:45:12","guid":{"rendered":"http:\/\/aliquando.id-3.net\/?page_id=34"},"modified":"2022-05-18T09:49:49","modified_gmt":"2022-05-18T13:49:49","slug":"me-contacter","status":"publish","type":"page","link":"https:\/\/sylvieallard.ca\/en\/me-contacter\/","title":{"rendered":"Contact me"},"content":{"rendered":"<p><br \/>\n<\/p>","protected":false},"excerpt":{"rendered":"","protected":false},"author":1,"featured_media":0,"parent":0,"menu_order":50,"comment_status":"open","ping_status":"closed","template":"t_contact.php","meta":{"_acf_changed":false,"footnotes":""},"class_list":["post-34","page","type-page","status-publish","hentry"],"acf":[],"yoast_head":"<!-- This site is optimized with the Yoast SEO plugin v26.7 - https:\/\/yoast.com\/wordpress\/plugins\/seo\/ -->\n<title>Me contacterContact me - Sylvie Allard - Royal Lepage<\/title>\n<meta name=\"description\" content=\"Courtier immobilier Laurentides | Sylvie Allard Pour joindre Sylvie Allard au bureau, voici ses coordonn\u00e9es : 401 Laviolette Saint-J\u00e9r\u00f4me T\u00e9l\u00e9phone : 514-967-4975.\" \/>\n<meta name=\"robots\" content=\"index, follow, max-snippet:-1, max-image-preview:large, max-video-preview:-1\" \/>\n<link rel=\"canonical\" href=\"https:\/\/sylvieallard.ca\/me-contacter\/\" \/>\n<meta property=\"og:locale\" content=\"en_US\" \/>\n<meta property=\"og:type\" content=\"article\" \/>\n<meta property=\"og:title\" content=\"Me contacterContact me - Sylvie Allard - Royal Lepage\" \/>\n<meta property=\"og:description\" content=\"Courtier immobilier Laurentides | Sylvie Allard Pour joindre Sylvie Allard au bureau, voici ses coordonn\u00e9es : 401 Laviolette Saint-J\u00e9r\u00f4me T\u00e9l\u00e9phone : 514-967-4975.\" \/>\n<meta property=\"og:url\" content=\"https:\/\/sylvieallard.ca\/me-contacter\/\" \/>\n<meta property=\"og:site_name\" content=\"Sylvie Allard - Royal Lepage\" \/>\n<meta property=\"article:publisher\" content=\"https:\/\/www.facebook.com\/sylvieallardcourtierimmobilier\/\" \/>\n<meta property=\"article:modified_time\" content=\"2022-05-18T13:49:49+00:00\" \/>\n<meta name=\"twitter:card\" content=\"summary_large_image\" \/>\n<meta name=\"twitter:site\" content=\"@SylvieAllard16\" \/>\n<script type=\"application\/ld+json\" class=\"yoast-schema-graph\">{\"@context\":\"https:\/\/schema.org\",\"@graph\":[{\"@type\":\"WebPage\",\"@id\":\"https:\/\/sylvieallard.ca\/me-contacter\/\",\"url\":\"https:\/\/sylvieallard.ca\/me-contacter\/\",\"name\":\"Me contacterContact me - Sylvie Allard - Royal Lepage\",\"isPartOf\":{\"@id\":\"https:\/\/sylvieallard.ca\/en\/#website\"},\"datePublished\":\"2012-05-22T20:45:12+00:00\",\"dateModified\":\"2022-05-18T13:49:49+00:00\",\"description\":\"Courtier immobilier Laurentides | Sylvie Allard Pour joindre Sylvie Allard au bureau, voici ses coordonn\u00e9es : 401 Laviolette Saint-J\u00e9r\u00f4me T\u00e9l\u00e9phone : 514-967-4975.\",\"breadcrumb\":{\"@id\":\"https:\/\/sylvieallard.ca\/me-contacter\/#breadcrumb\"},\"inLanguage\":\"en-US\",\"potentialAction\":[{\"@type\":\"ReadAction\",\"target\":[\"https:\/\/sylvieallard.ca\/me-contacter\/\"]}]},{\"@type\":\"BreadcrumbList\",\"@id\":\"https:\/\/sylvieallard.ca\/me-contacter\/#breadcrumb\",\"itemListElement\":[{\"@type\":\"ListItem\",\"position\":1,\"name\":\"Accueil\",\"item\":\"https:\/\/sylvieallard.ca\/en\/\"},{\"@type\":\"ListItem\",\"position\":2,\"name\":\"Me contacter\"}]},{\"@type\":\"WebSite\",\"@id\":\"https:\/\/sylvieallard.ca\/en\/#website\",\"url\":\"https:\/\/sylvieallard.ca\/en\/\",\"name\":\"Sylvie Allard - Royal Lepage\",\"description\":\"Real Estate Broker\",\"potentialAction\":[{\"@type\":\"SearchAction\",\"target\":{\"@type\":\"EntryPoint\",\"urlTemplate\":\"https:\/\/sylvieallard.ca\/en\/?s={search_term_string}\"},\"query-input\":{\"@type\":\"PropertyValueSpecification\",\"valueRequired\":true,\"valueName\":\"search_term_string\"}}],\"inLanguage\":\"en-US\"}]}<\/script>\n<!-- \/ Yoast SEO plugin. -->","yoast_head_json":{"title":"Me contacterContact me - Sylvie Allard - Royal Lepage","description":"Courtier immobilier Laurentides | Sylvie Allard Pour joindre Sylvie Allard au bureau, voici ses coordonn\u00e9es : 401 Laviolette Saint-J\u00e9r\u00f4me T\u00e9l\u00e9phone : 514-967-4975.","robots":{"index":"index","follow":"follow","max-snippet":"max-snippet:-1","max-image-preview":"max-image-preview:large","max-video-preview":"max-video-preview:-1"},"canonical":"https:\/\/sylvieallard.ca\/me-contacter\/","og_locale":"en_US","og_type":"article","og_title":"Me contacterContact me - Sylvie Allard - Royal Lepage","og_description":"Courtier immobilier Laurentides | Sylvie Allard Pour joindre Sylvie Allard au bureau, voici ses coordonn\u00e9es : 401 Laviolette Saint-J\u00e9r\u00f4me T\u00e9l\u00e9phone : 514-967-4975.","og_url":"https:\/\/sylvieallard.ca\/me-contacter\/","og_site_name":"Sylvie Allard - Royal Lepage","article_publisher":"https:\/\/www.facebook.com\/sylvieallardcourtierimmobilier\/","article_modified_time":"2022-05-18T13:49:49+00:00","twitter_card":"summary_large_image","twitter_site":"@SylvieAllard16","schema":{"@context":"https:\/\/schema.org","@graph":[{"@type":"WebPage","@id":"https:\/\/sylvieallard.ca\/me-contacter\/","url":"https:\/\/sylvieallard.ca\/me-contacter\/","name":"Me contacterContact me - Sylvie Allard - Royal Lepage","isPartOf":{"@id":"https:\/\/sylvieallard.ca\/en\/#website"},"datePublished":"2012-05-22T20:45:12+00:00","dateModified":"2022-05-18T13:49:49+00:00","description":"Courtier immobilier Laurentides | Sylvie Allard Pour joindre Sylvie Allard au bureau, voici ses coordonn\u00e9es : 401 Laviolette Saint-J\u00e9r\u00f4me T\u00e9l\u00e9phone : 514-967-4975.","breadcrumb":{"@id":"https:\/\/sylvieallard.ca\/me-contacter\/#breadcrumb"},"inLanguage":"en-US","potentialAction":[{"@type":"ReadAction","target":["https:\/\/sylvieallard.ca\/me-contacter\/"]}]},{"@type":"BreadcrumbList","@id":"https:\/\/sylvieallard.ca\/me-contacter\/#breadcrumb","itemListElement":[{"@type":"ListItem","position":1,"name":"Accueil","item":"https:\/\/sylvieallard.ca\/en\/"},{"@type":"ListItem","position":2,"name":"Me contacter"}]},{"@type":"WebSite","@id":"https:\/\/sylvieallard.ca\/en\/#website","url":"https:\/\/sylvieallard.ca\/en\/","name":"Sylvie Allard - Royal Lepage","description":"Real Estate Broker","potentialAction":[{"@type":"SearchAction","target":{"@type":"EntryPoint","urlTemplate":"https:\/\/sylvieallard.ca\/en\/?s={search_term_string}"},"query-input":{"@type":"PropertyValueSpecification","valueRequired":true,"valueName":"search_term_string"}}],"inLanguage":"en-US"}]}},"_links":{"self":[{"href":"https:\/\/sylvieallard.ca\/en\/wp-json\/wp\/v2\/pages\/34","targetHints":{"allow":["GET"]}}],"collection":[{"href":"https:\/\/sylvieallard.ca\/en\/wp-json\/wp\/v2\/pages"}],"about":[{"href":"https:\/\/sylvieallard.ca\/en\/wp-json\/wp\/v2\/types\/page"}],"author":[{"embeddable":true,"href":"https:\/\/sylvieallard.ca\/en\/wp-json\/wp\/v2\/users\/1"}],"replies":[{"embeddable":true,"href":"https:\/\/sylvieallard.ca\/en\/wp-json\/wp\/v2\/comments?post=34"}],"version-history":[{"count":3,"href":"https:\/\/sylvieallard.ca\/en\/wp-json\/wp\/v2\/pages\/34\/revisions"}],"predecessor-version":[{"id":542,"href":"https:\/\/sylvieallard.ca\/en\/wp-json\/wp\/v2\/pages\/34\/revisions\/542"}],"wp:attachment":[{"href":"https:\/\/sylvieallard.ca\/en\/wp-json\/wp\/v2\/media?parent=34"}],"curies":[{"name":"wp","href":"https:\/\/api.w.org\/{rel}","templated":true}]}}